{"id":11,"date":"2026-04-13T04:00:10","date_gmt":"2026-04-13T04:00:10","guid":{"rendered":"https:\/\/publimarketing2.com\/menuordenar\/?page_id=11"},"modified":"2026-04-19T07:06:27","modified_gmt":"2026-04-19T07:06:27","slug":"elementor-11","status":"publish","type":"page","link":"https:\/\/publimarketing2.com\/menuordenar\/elementor-11\/","title":{"rendered":"Elementor #11"},"content":{"rendered":"\t\t<div data-elementor-type=\"wp-post\" data-elementor-id=\"11\" class=\"elementor elementor-11\" data-elementor-post-type=\"page\">\n\t\t\t\t\t\t<div class=\"elementor-element elementor-element-8ccf28d e-con e-atomic-element e-flexbox-base e-8ccf28d-3a65680\" data-id=\"8ccf28d\" data-element_type=\"e-flexbox\" data-e-type=\"e-flexbox\" data-interaction-id=\"8ccf28d\">\n\t\t\t\t\t\t\t\n\t\t<img class=\"e-image-base e-a1864c8-7b96745\" \n\t\t\t\t\tdata-interaction-id=\"a1864c8\" \n\t\t \n\t\t \n\t\t\t\t\t\t\t\t\tid=\"20\"\n\t\t\t\t\t\t\t\t\t\t\t\tsrc=\"https:\/\/publimarketing2.com\/menuordenar\/wp-content\/uploads\/2026\/04\/Brown-Illustrative-Cookies-Logo.png\"\n\t\t\t\t\t\t\t\t\t\t\t\twidth=\"2000\"\n\t\t\t\t\t\t\t\t\t\t\t\theight=\"2000\"\n\t\t\t\t\t\t\t\t\t\t\t\tsrcset=\"https:\/\/publimarketing2.com\/menuordenar\/wp-content\/uploads\/2026\/04\/Brown-Illustrative-Cookies-Logo.png 2000w, https:\/\/publimarketing2.com\/menuordenar\/wp-content\/uploads\/2026\/04\/Brown-Illustrative-Cookies-Logo-300x300.png 300w, https:\/\/publimarketing2.com\/menuordenar\/wp-content\/uploads\/2026\/04\/Brown-Illustrative-Cookies-Logo-1024x1024.png 1024w, https:\/\/publimarketing2.com\/menuordenar\/wp-content\/uploads\/2026\/04\/Brown-Illustrative-Cookies-Logo-150x150.png 150w, https:\/\/publimarketing2.com\/menuordenar\/wp-content\/uploads\/2026\/04\/Brown-Illustrative-Cookies-Logo-768x768.png 768w, https:\/\/publimarketing2.com\/menuordenar\/wp-content\/uploads\/2026\/04\/Brown-Illustrative-Cookies-Logo-1536x1536.png 1536w\"\n\t\t\t\t\t\t\t\t\t\t\t\talt=\"\"\n\t\t\t\t\t\t\/>\n\t\t\t\t\t\t\t\t<h2 \n\t\tdata-interaction-id=\"6ed2395\" \n\t\tclass=\"e-6ed2395-4661c54 e-heading-base\" \n\t\t \n\t\t\n\t>\n\t\n\t\t\tPUPUSERIA  MIMI\n\t\t<\/h2>\n\t\t\t\t\t\t\t\t<p class=\"e-ff8725d-f5780d7 e-paragraph-base\" data-interaction-id=\"ff8725d\"  >\n\t\t\t\t\t\t\t\tAqu\u00ed encontrar\u00e1s las mejores pupusas de apopa \u00a1Pide las tuyas y pru\u00e9balas!<br>\n\t\t\t\t\t<\/p>\n\t\t\t\t\t\t\t\t<p class=\"e-69ecf44-ee975ec e-paragraph-base\" data-interaction-id=\"69ecf44\"  >\n\t\t\t\t\t\t\t\t\"\u00a1Pedir es f\u00e1cil! Toca el bot\u00f3n de cada producto para a\u00f1adirlo a tu cuenta.\"\n\t\t\t\t\t<\/p>\n\t\t\t\t\t    \t            <button class=\"e-34062ea-f70467d e-button-base\" data-interaction-id=\"34062ea\"  >\n            VER MI PEDIDO\n        <\/button>\n    \t\t\t\t<\/div>\n\t\t<div class=\"elementor-element elementor-element-1a4b6e9 e-flex e-con-boxed e-con e-parent\" data-id=\"1a4b6e9\" data-element_type=\"container\" data-e-type=\"container\" data-settings=\"{&quot;background_background&quot;:&quot;classic&quot;}\">\n\t\t\t\t\t<div class=\"e-con-inner\">\n\t\t<div class=\"elementor-element elementor-element-cb191d9 e-con-full e-flex e-con e-child\" data-id=\"cb191d9\" data-element_type=\"container\" data-e-type=\"container\" data-settings=\"{&quot;background_background&quot;:&quot;classic&quot;}\">\n\t\t\t\t<div class=\"elementor-element elementor-element-133c49f e-con e-atomic-element e-flexbox-base e-133c49f-98c6f43\" data-id=\"133c49f\" data-element_type=\"e-flexbox\" data-e-type=\"e-flexbox\" data-interaction-id=\"133c49f\">\n\t\t\t\t\t\t\t\n\t\t<img class=\"e-image-base e-433f4ea-5f7f9c9\" \n\t\t\t\t\tdata-interaction-id=\"433f4ea\" \n\t\t \n\t\t \n\t\t\t\t\t\t\t\t\tid=\"173\"\n\t\t\t\t\t\t\t\t\t\t\t\tsrc=\"https:\/\/publimarketing2.com\/menuordenar\/wp-content\/uploads\/2026\/04\/QUESO2-1.png\"\n\t\t\t\t\t\t\t\t\t\t\t\twidth=\"990\"\n\t\t\t\t\t\t\t\t\t\t\t\theight=\"788\"\n\t\t\t\t\t\t\t\t\t\t\t\tsrcset=\"https:\/\/publimarketing2.com\/menuordenar\/wp-content\/uploads\/2026\/04\/QUESO2-1.png 990w, https:\/\/publimarketing2.com\/menuordenar\/wp-content\/uploads\/2026\/04\/QUESO2-1-300x239.png 300w, https:\/\/publimarketing2.com\/menuordenar\/wp-content\/uploads\/2026\/04\/QUESO2-1-768x611.png 768w\"\n\t\t\t\t\t\t\t\t\t\t\t\talt=\"\"\n\t\t\t\t\t\t\/>\n\t\t\t\t\t<\/div>\n\t\t\t\t<div class=\"elementor-element elementor-element-9b7c6b0 e-con e-atomic-element e-flexbox-base e-9b7c6b0-81a7565\" data-id=\"9b7c6b0\" data-element_type=\"e-flexbox\" data-e-type=\"e-flexbox\" data-interaction-id=\"9b7c6b0\">\n\t\t\t\t\t\t\t<h2 \n\t\tdata-interaction-id=\"aaff971\" \n\t\tclass=\"e-aaff971-caec379 e-heading-base\" \n\t\t \n\t\t\n\t>\n\t\n\t\t\tPupusa de queso\n\t\t<\/h2>\n\t\t\t\t\t\t\t<h2 \n\t\tdata-interaction-id=\"1977463\" \n\t\tclass=\"e-1977463-092173f e-heading-base\" \n\t\t \n\t\t\n\t>\n\t\n\t\t\t$0.70\n\t\t<\/h2>\n\t\t\t\t\t    \t            <button class=\"e-13548de-034027b e-button-base\" data-interaction-id=\"13548de\"  >\n            PEDIR\n        <\/button>\n    \t\t\t\t<\/div>\n\t\t\t\t<\/div>\n\t\t<div class=\"elementor-element elementor-element-a15c463 e-con-full e-flex e-con e-child\" data-id=\"a15c463\" data-element_type=\"container\" data-e-type=\"container\" data-settings=\"{&quot;background_background&quot;:&quot;classic&quot;}\">\n\t\t\t\t<div class=\"elementor-element elementor-element-a5135d1 e-con e-atomic-element e-flexbox-base e-a5135d1-1b879fc\" data-id=\"a5135d1\" data-element_type=\"e-flexbox\" data-e-type=\"e-flexbox\" data-interaction-id=\"a5135d1\">\n\t\t\t\t\t\t\t\n\t\t<img class=\"e-image-base e-a0c0fb3-5ae8d5f\" \n\t\t\t\t\tdata-interaction-id=\"a0c0fb3\" \n\t\t \n\t\t \n\t\t\t\t\t\t\t\t\tid=\"170\"\n\t\t\t\t\t\t\t\t\t\t\t\tsrc=\"https:\/\/publimarketing2.com\/menuordenar\/wp-content\/uploads\/2026\/04\/LOROCO.png\"\n\t\t\t\t\t\t\t\t\t\t\t\twidth=\"990\"\n\t\t\t\t\t\t\t\t\t\t\t\theight=\"788\"\n\t\t\t\t\t\t\t\t\t\t\t\tsrcset=\"https:\/\/publimarketing2.com\/menuordenar\/wp-content\/uploads\/2026\/04\/LOROCO.png 990w, https:\/\/publimarketing2.com\/menuordenar\/wp-content\/uploads\/2026\/04\/LOROCO-300x239.png 300w, https:\/\/publimarketing2.com\/menuordenar\/wp-content\/uploads\/2026\/04\/LOROCO-768x611.png 768w\"\n\t\t\t\t\t\t\t\t\t\t\t\talt=\"\"\n\t\t\t\t\t\t\/>\n\t\t\t\t\t<\/div>\n\t\t\t\t<div class=\"elementor-element elementor-element-6efc139 e-con e-atomic-element e-flexbox-base e-6efc139-3fa3ba5\" data-id=\"6efc139\" data-element_type=\"e-flexbox\" data-e-type=\"e-flexbox\" data-interaction-id=\"6efc139\">\n\t\t\t\t\t\t\t<h2 \n\t\tdata-interaction-id=\"c5e63ff\" \n\t\tclass=\"e-c5e63ff-c438fde e-heading-base\" \n\t\t \n\t\t\n\t>\n\t\n\t\t\tPupusa de mora\n\t\t<\/h2>\n\t\t\t\t\t\t\t<h2 \n\t\tdata-interaction-id=\"241fa57\" \n\t\tclass=\"e-241fa57-56c2ccc e-heading-base\" \n\t\t \n\t\t\n\t>\n\t\n\t\t\t$0.70\n\t\t<\/h2>\n\t\t\t\t\t    \t            <button class=\"e-5bfff79-0976501 e-button-base\" data-interaction-id=\"5bfff79\"  >\n            PEDIR\n        <\/button>\n    \t\t\t\t<\/div>\n\t\t\t\t<\/div>\n\t\t\t\t\t<\/div>\n\t\t\t\t<\/div>\n\t\t<div class=\"elementor-element elementor-element-de1e26a e-flex e-con-boxed e-con e-parent\" data-id=\"de1e26a\" data-element_type=\"container\" data-e-type=\"container\">\n\t\t\t\t\t<div class=\"e-con-inner\">\n\t\t\t\t\t\t\t<h2 \n\t\tdata-interaction-id=\"6b59bb9\" \n\t\tclass=\"e-6b59bb9-2aa17c5 e-heading-base\" \n\t\t \n\t\t\n\t>\n\t\n\t\t\tELIGE Y DISFRUTA<br>\n\t\t<\/h2>\n\t\t\t\t\t\t\t\t<p class=\"e-ea247a0-941f411 e-paragraph-base\" data-interaction-id=\"ea247a0\"  >\n\t\t\t\t\t\t\t\tDe los mejores sabores de pupusas\n\t\t\t\t\t<\/p>\n\t\t\t\t\t<\/div>\n\t\t\t\t<\/div>\n\t\t<div class=\"elementor-element elementor-element-02f3583 e-flex e-con-boxed e-con e-parent\" data-id=\"02f3583\" data-element_type=\"container\" data-e-type=\"container\">\n\t\t\t\t\t<div class=\"e-con-inner\">\n\t\t<div class=\"elementor-element elementor-element-a94c5d5 e-con-full e-flex e-con e-child\" data-id=\"a94c5d5\" data-element_type=\"container\" data-e-type=\"container\">\n\t\t\t\t\t\t\t\n\t\t<img class=\"e-image-base e-e16d689-b813bd3\" \n\t\t\t\t\tdata-interaction-id=\"e16d689\" \n\t\t \n\t\t \n\t\t\t\t\t\t\t\t\tid=\"176\"\n\t\t\t\t\t\t\t\t\t\t\t\tsrc=\"https:\/\/publimarketing2.com\/menuordenar\/wp-content\/uploads\/2026\/04\/PUPA1.png\"\n\t\t\t\t\t\t\t\t\t\t\t\twidth=\"1320\"\n\t\t\t\t\t\t\t\t\t\t\t\theight=\"1050\"\n\t\t\t\t\t\t\t\t\t\t\t\tsrcset=\"https:\/\/publimarketing2.com\/menuordenar\/wp-content\/uploads\/2026\/04\/PUPA1.png 1320w, https:\/\/publimarketing2.com\/menuordenar\/wp-content\/uploads\/2026\/04\/PUPA1-300x239.png 300w, https:\/\/publimarketing2.com\/menuordenar\/wp-content\/uploads\/2026\/04\/PUPA1-1024x815.png 1024w, https:\/\/publimarketing2.com\/menuordenar\/wp-content\/uploads\/2026\/04\/PUPA1-768x611.png 768w\"\n\t\t\t\t\t\t\t\t\t\t\t\talt=\"\"\n\t\t\t\t\t\t\/>\n\t\t\t\t\t\t\t\t<h2 \n\t\tdata-interaction-id=\"c3fbe91\" \n\t\tclass=\"e-c3fbe91-46690f7 e-heading-base\" \n\t\t \n\t\t\n\t>\n\t\n\t\t\tRevuelta\n\t\t<\/h2>\n\t\t\t\t\t\t\t\t<p class=\"e-b7b9149-2de8ec5 e-paragraph-base\" data-interaction-id=\"b7b9149\"  >\n\t\t\t\t\t\t\t\t$0.35\n\t\t\t\t\t<\/p>\n\t\t\t\t\t    \t            <button class=\"e-0395d94-a300696 e-button-base\" data-interaction-id=\"0395d94\"  >\n            PEDIR\n        <\/button>\n    \t\t\t\t<\/div>\n\t\t<div class=\"elementor-element elementor-element-2b3108a e-con-full e-flex e-con e-child\" data-id=\"2b3108a\" data-element_type=\"container\" data-e-type=\"container\">\n\t\t\t\t\t\t\t\n\t\t<img class=\"e-image-base e-c225e34-67c4c74\" \n\t\t\t\t\tdata-interaction-id=\"c225e34\" \n\t\t \n\t\t \n\t\t\t\t\t\t\t\t\tid=\"177\"\n\t\t\t\t\t\t\t\t\t\t\t\tsrc=\"https:\/\/publimarketing2.com\/menuordenar\/wp-content\/uploads\/2026\/04\/PUPA2.png\"\n\t\t\t\t\t\t\t\t\t\t\t\twidth=\"1320\"\n\t\t\t\t\t\t\t\t\t\t\t\theight=\"1050\"\n\t\t\t\t\t\t\t\t\t\t\t\tsrcset=\"https:\/\/publimarketing2.com\/menuordenar\/wp-content\/uploads\/2026\/04\/PUPA2.png 1320w, https:\/\/publimarketing2.com\/menuordenar\/wp-content\/uploads\/2026\/04\/PUPA2-300x239.png 300w, https:\/\/publimarketing2.com\/menuordenar\/wp-content\/uploads\/2026\/04\/PUPA2-1024x815.png 1024w, https:\/\/publimarketing2.com\/menuordenar\/wp-content\/uploads\/2026\/04\/PUPA2-768x611.png 768w\"\n\t\t\t\t\t\t\t\t\t\t\t\talt=\"\"\n\t\t\t\t\t\t\/>\n\t\t\t\t\t\t\t\t<h2 \n\t\tdata-interaction-id=\"88abf76\" \n\t\tclass=\"e-88abf76-08e018b e-heading-base\" \n\t\t \n\t\t\n\t>\n\t\n\t\t\tFrijol con queso\n\t\t<\/h2>\n\t\t\t\t\t\t\t\t<p class=\"e-f88cbb8-09d7704 e-paragraph-base\" data-interaction-id=\"f88cbb8\"  >\n\t\t\t\t\t\t\t\t$0.35\n\t\t\t\t\t<\/p>\n\t\t\t\t\t    \t            <button class=\"e-2e24a67-a4f96c6 e-button-base\" data-interaction-id=\"2e24a67\"  >\n            PEDIR\n        <\/button>\n    \t\t\t\t<\/div>\n\t\t<div class=\"elementor-element elementor-element-a2e1577 e-con-full e-flex e-con e-child\" data-id=\"a2e1577\" data-element_type=\"container\" data-e-type=\"container\">\n\t\t\t\t\t\t\t\n\t\t<img class=\"e-image-base e-57490ff-db81efc\" \n\t\t\t\t\tdata-interaction-id=\"57490ff\" \n\t\t \n\t\t \n\t\t\t\t\t\t\t\t\tid=\"176\"\n\t\t\t\t\t\t\t\t\t\t\t\tsrc=\"https:\/\/publimarketing2.com\/menuordenar\/wp-content\/uploads\/2026\/04\/PUPA1.png\"\n\t\t\t\t\t\t\t\t\t\t\t\twidth=\"1320\"\n\t\t\t\t\t\t\t\t\t\t\t\theight=\"1050\"\n\t\t\t\t\t\t\t\t\t\t\t\tsrcset=\"https:\/\/publimarketing2.com\/menuordenar\/wp-content\/uploads\/2026\/04\/PUPA1.png 1320w, https:\/\/publimarketing2.com\/menuordenar\/wp-content\/uploads\/2026\/04\/PUPA1-300x239.png 300w, https:\/\/publimarketing2.com\/menuordenar\/wp-content\/uploads\/2026\/04\/PUPA1-1024x815.png 1024w, https:\/\/publimarketing2.com\/menuordenar\/wp-content\/uploads\/2026\/04\/PUPA1-768x611.png 768w\"\n\t\t\t\t\t\t\t\t\t\t\t\talt=\"\"\n\t\t\t\t\t\t\/>\n\t\t\t\t\t\t\t\t<h2 \n\t\tdata-interaction-id=\"c053c80\" \n\t\tclass=\"e-c053c80-7908b86 e-heading-base\" \n\t\t \n\t\t\n\t>\n\t\n\t\t\tSolo frijol\n\t\t<\/h2>\n\t\t\t\t\t\t\t\t<p class=\"e-ee9ed2f-be454ef e-paragraph-base\" data-interaction-id=\"ee9ed2f\"  >\n\t\t\t\t\t\t\t\t$0.40\n\t\t\t\t\t<\/p>\n\t\t\t\t\t    \t            <button class=\"e-5c6a665-990cc80 e-button-base\" data-interaction-id=\"5c6a665\"  >\n            PEDIR\n        <\/button>\n    \t\t\t\t<\/div>\n\t\t<div class=\"elementor-element elementor-element-1f0ec7b e-con-full e-flex e-con e-child\" data-id=\"1f0ec7b\" data-element_type=\"container\" data-e-type=\"container\">\n\t\t\t\t\t\t\t\n\t\t<img class=\"e-image-base e-f85c872-e0c2c0b\" \n\t\t\t\t\tdata-interaction-id=\"f85c872\" \n\t\t \n\t\t \n\t\t\t\t\t\t\t\t\tid=\"176\"\n\t\t\t\t\t\t\t\t\t\t\t\tsrc=\"https:\/\/publimarketing2.com\/menuordenar\/wp-content\/uploads\/2026\/04\/PUPA1.png\"\n\t\t\t\t\t\t\t\t\t\t\t\twidth=\"1320\"\n\t\t\t\t\t\t\t\t\t\t\t\theight=\"1050\"\n\t\t\t\t\t\t\t\t\t\t\t\tsrcset=\"https:\/\/publimarketing2.com\/menuordenar\/wp-content\/uploads\/2026\/04\/PUPA1.png 1320w, https:\/\/publimarketing2.com\/menuordenar\/wp-content\/uploads\/2026\/04\/PUPA1-300x239.png 300w, https:\/\/publimarketing2.com\/menuordenar\/wp-content\/uploads\/2026\/04\/PUPA1-1024x815.png 1024w, https:\/\/publimarketing2.com\/menuordenar\/wp-content\/uploads\/2026\/04\/PUPA1-768x611.png 768w\"\n\t\t\t\t\t\t\t\t\t\t\t\talt=\"\"\n\t\t\t\t\t\t\/>\n\t\t\t\t\t\t\t\t<h2 \n\t\tdata-interaction-id=\"0414b3b\" \n\t\tclass=\"e-0414b3b-8046947 e-heading-base\" \n\t\t \n\t\t\n\t>\n\t\n\t\t\tCHICHARRON<br>CON QUESO\n\t\t<\/h2>\n\t\t\t\t\t\t\t\t<p class=\"e-859886f-42aaed6 e-paragraph-base\" data-interaction-id=\"859886f\"  >\n\t\t\t\t\t\t\t\t$0.70\n\t\t\t\t\t<\/p>\n\t\t\t\t\t    \t            <button class=\"e-027c530-fdd312f e-button-base\" data-interaction-id=\"027c530\"  >\n            PEDIR\n        <\/button>\n    \t\t\t\t<\/div>\n\t\t<div class=\"elementor-element elementor-element-02203f7 e-con-full e-flex e-con e-child\" data-id=\"02203f7\" data-element_type=\"container\" data-e-type=\"container\">\n\t\t\t\t\t\t\t\n\t\t<img class=\"e-image-base e-d5ebd12-d1aedbe\" \n\t\t\t\t\tdata-interaction-id=\"d5ebd12\" \n\t\t \n\t\t \n\t\t\t\t\t\t\t\t\tid=\"176\"\n\t\t\t\t\t\t\t\t\t\t\t\tsrc=\"https:\/\/publimarketing2.com\/menuordenar\/wp-content\/uploads\/2026\/04\/PUPA1.png\"\n\t\t\t\t\t\t\t\t\t\t\t\twidth=\"1320\"\n\t\t\t\t\t\t\t\t\t\t\t\theight=\"1050\"\n\t\t\t\t\t\t\t\t\t\t\t\tsrcset=\"https:\/\/publimarketing2.com\/menuordenar\/wp-content\/uploads\/2026\/04\/PUPA1.png 1320w, https:\/\/publimarketing2.com\/menuordenar\/wp-content\/uploads\/2026\/04\/PUPA1-300x239.png 300w, https:\/\/publimarketing2.com\/menuordenar\/wp-content\/uploads\/2026\/04\/PUPA1-1024x815.png 1024w, https:\/\/publimarketing2.com\/menuordenar\/wp-content\/uploads\/2026\/04\/PUPA1-768x611.png 768w\"\n\t\t\t\t\t\t\t\t\t\t\t\talt=\"\"\n\t\t\t\t\t\t\/>\n\t\t\t\t\t\t\t\t<h2 \n\t\tdata-interaction-id=\"04f1505\" \n\t\tclass=\"e-04f1505-45cb16a e-heading-base\" \n\t\t \n\t\t\n\t>\n\t\n\t\t\tPollo\n\t\t<\/h2>\n\t\t\t\t\t\t\t\t<p class=\"e-69c4ef7-852cd0f e-paragraph-base\" data-interaction-id=\"69c4ef7\"  >\n\t\t\t\t\t\t\t\t$0.70\n\t\t\t\t\t<\/p>\n\t\t\t\t\t    \t            <button class=\"e-ebc14b1-f4dbb8e e-button-base\" data-interaction-id=\"ebc14b1\"  >\n            PEDIR\n        <\/button>\n    \t\t\t\t<\/div>\n\t\t<div class=\"elementor-element elementor-element-7db3d1a e-con-full e-flex e-con e-child\" data-id=\"7db3d1a\" data-element_type=\"container\" data-e-type=\"container\">\n\t\t\t\t\t\t\t\n\t\t<img class=\"e-image-base e-b69975c-f7acae6\" \n\t\t\t\t\tdata-interaction-id=\"b69975c\" \n\t\t \n\t\t \n\t\t\t\t\t\t\t\t\tid=\"176\"\n\t\t\t\t\t\t\t\t\t\t\t\tsrc=\"https:\/\/publimarketing2.com\/menuordenar\/wp-content\/uploads\/2026\/04\/PUPA1.png\"\n\t\t\t\t\t\t\t\t\t\t\t\twidth=\"1320\"\n\t\t\t\t\t\t\t\t\t\t\t\theight=\"1050\"\n\t\t\t\t\t\t\t\t\t\t\t\tsrcset=\"https:\/\/publimarketing2.com\/menuordenar\/wp-content\/uploads\/2026\/04\/PUPA1.png 1320w, https:\/\/publimarketing2.com\/menuordenar\/wp-content\/uploads\/2026\/04\/PUPA1-300x239.png 300w, https:\/\/publimarketing2.com\/menuordenar\/wp-content\/uploads\/2026\/04\/PUPA1-1024x815.png 1024w, https:\/\/publimarketing2.com\/menuordenar\/wp-content\/uploads\/2026\/04\/PUPA1-768x611.png 768w\"\n\t\t\t\t\t\t\t\t\t\t\t\talt=\"\"\n\t\t\t\t\t\t\/>\n\t\t\t\t\t\t\t\t<h2 \n\t\tdata-interaction-id=\"b3ad130\" \n\t\tclass=\"e-b3ad130-efe221a e-heading-base\" \n\t\t \n\t\t\n\t>\n\t\n\t\t\tAjo\n\t\t<\/h2>\n\t\t\t\t\t\t\t\t<p class=\"e-c53c015-e5ffbae e-paragraph-base\" data-interaction-id=\"c53c015\"  >\n\t\t\t\t\t\t\t\t$0.70\n\t\t\t\t\t<\/p>\n\t\t\t\t\t    \t            <button class=\"e-94e9858-e16825e e-button-base\" data-interaction-id=\"94e9858\"  >\n            PEDIR\n        <\/button>\n    \t\t\t\t<\/div>\n\t\t\t\t\t<\/div>\n\t\t\t\t<\/div>\n\t\t<div class=\"elementor-element elementor-element-76f1bb5 e-flex e-con-boxed e-con e-parent\" data-id=\"76f1bb5\" data-element_type=\"container\" data-e-type=\"container\">\n\t\t\t\t\t<div class=\"e-con-inner\">\n\t\t<div class=\"elementor-element elementor-element-0ea2961 e-con-full e-flex e-con e-child\" data-id=\"0ea2961\" data-element_type=\"container\" data-e-type=\"container\">\n\t\t\t\t\t\t\t<h2 \n\t\tdata-interaction-id=\"0913780\" \n\t\tclass=\"e-0913780-6e28d82 e-heading-base\" \n\t\t \n\t\t\n\t>\n\t\n\t\t\tPRUEBA NUESTRA<br>PUPUSA DE LOROCO\n\t\t<\/h2>\n\t\t\t\t\t    \t            <button class=\"e-bb52eb8-4834bb8 e-button-base\" data-interaction-id=\"bb52eb8\"  >\n            $0.70\n        <\/button>\n    \t\t\t\t\t\t\t\n\t\t<img class=\"e-image-base \" \n\t\t\t\t\tdata-interaction-id=\"3d1dfc6\" \n\t\t \n\t\t \n\t\t\t\t\t\t\t\t\tid=\"252\"\n\t\t\t\t\t\t\t\t\t\t\t\tsrc=\"https:\/\/publimarketing2.com\/menuordenar\/wp-content\/uploads\/2026\/04\/PARA-WEB.png\"\n\t\t\t\t\t\t\t\t\t\t\t\twidth=\"972\"\n\t\t\t\t\t\t\t\t\t\t\t\theight=\"694\"\n\t\t\t\t\t\t\t\t\t\t\t\tsrcset=\"https:\/\/publimarketing2.com\/menuordenar\/wp-content\/uploads\/2026\/04\/PARA-WEB.png 972w, https:\/\/publimarketing2.com\/menuordenar\/wp-content\/uploads\/2026\/04\/PARA-WEB-300x214.png 300w, https:\/\/publimarketing2.com\/menuordenar\/wp-content\/uploads\/2026\/04\/PARA-WEB-768x548.png 768w\"\n\t\t\t\t\t\t\t\t\t\t\t\talt=\"\"\n\t\t\t\t\t\t\/>\n\t\t\t\t\t<\/div>\n\t\t<div class=\"elementor-element elementor-element-cf3cefc e-con-full e-flex e-con e-child\" data-id=\"cf3cefc\" data-element_type=\"container\" data-e-type=\"container\">\n\t\t\t\t\t\t\t<h2 \n\t\tdata-interaction-id=\"cea54a8\" \n\t\tclass=\"e-cea54a8-e5be9c0 e-heading-base\" \n\t\t \n\t\t\n\t>\n\t\n\t\t\t<strong>Ingredientes<\/strong>\n\t\t<\/h2>\n\t\t\t\t<div class=\"elementor-element elementor-element-605b523 elementor-align-start elementor-mobile-align-start elementor-widget-mobile__width-initial elementor-list-item-link-full_width elementor-widget elementor-widget-icon-list\" data-id=\"605b523\" data-element_type=\"widget\" data-e-type=\"widget\" data-widget_type=\"icon-list.default\">\n\t\t\t\t\t\t\t<ul class=\"elementor-icon-list-items\">\n\t\t\t\t\t\t\t<li class=\"elementor-icon-list-item\">\n\t\t\t\t\t\t\t\t\t\t\t<span class=\"elementor-icon-list-icon\">\n\t\t\t\t\t\t\t<svg aria-hidden=\"true\" class=\"e-font-icon-svg e-fas-circle\" viewBox=\"0 0 512 512\" xmlns=\"http:\/\/www.w3.org\/2000\/svg\"><path d=\"M256 8C119 8 8 119 8 256s111 248 248 248 248-111 248-248S393 8 256 8z\"><\/path><\/svg>\t\t\t\t\t\t<\/span>\n\t\t\t\t\t\t\t\t\t\t<span class=\"elementor-icon-list-text\">450 gr de harina de ma\u00edz.<\/span>\n\t\t\t\t\t\t\t\t\t<\/li>\n\t\t\t\t\t\t\t\t<li class=\"elementor-icon-list-item\">\n\t\t\t\t\t\t\t\t\t\t\t<span class=\"elementor-icon-list-icon\">\n\t\t\t\t\t\t\t<svg aria-hidden=\"true\" class=\"e-font-icon-svg e-fas-circle\" viewBox=\"0 0 512 512\" xmlns=\"http:\/\/www.w3.org\/2000\/svg\"><path d=\"M256 8C119 8 8 119 8 256s111 248 248 248 248-111 248-248S393 8 256 8z\"><\/path><\/svg>\t\t\t\t\t\t<\/span>\n\t\t\t\t\t\t\t\t\t\t<span class=\"elementor-icon-list-text\">Sal al gusto.<\/span>\n\t\t\t\t\t\t\t\t\t<\/li>\n\t\t\t\t\t\t\t\t<li class=\"elementor-icon-list-item\">\n\t\t\t\t\t\t\t\t\t\t\t<span class=\"elementor-icon-list-icon\">\n\t\t\t\t\t\t\t<svg aria-hidden=\"true\" class=\"e-font-icon-svg e-fas-circle\" viewBox=\"0 0 512 512\" xmlns=\"http:\/\/www.w3.org\/2000\/svg\"><path d=\"M256 8C119 8 8 119 8 256s111 248 248 248 248-111 248-248S393 8 256 8z\"><\/path><\/svg>\t\t\t\t\t\t<\/span>\n\t\t\t\t\t\t\t\t\t\t<span class=\"elementor-icon-list-text\">300 gr de loroco picado.<\/span>\n\t\t\t\t\t\t\t\t\t<\/li>\n\t\t\t\t\t\t\t\t<li class=\"elementor-icon-list-item\">\n\t\t\t\t\t\t\t\t\t\t\t<span class=\"elementor-icon-list-icon\">\n\t\t\t\t\t\t\t<svg aria-hidden=\"true\" class=\"e-font-icon-svg e-fas-circle\" viewBox=\"0 0 512 512\" xmlns=\"http:\/\/www.w3.org\/2000\/svg\"><path d=\"M256 8C119 8 8 119 8 256s111 248 248 248 248-111 248-248S393 8 256 8z\"><\/path><\/svg>\t\t\t\t\t\t<\/span>\n\t\t\t\t\t\t\t\t\t\t<span class=\"elementor-icon-list-text\">1 taza de queso fresco desmenuz<\/span>\n\t\t\t\t\t\t\t\t\t<\/li>\n\t\t\t\t\t\t\t\t<li class=\"elementor-icon-list-item\">\n\t\t\t\t\t\t\t\t\t\t\t<span class=\"elementor-icon-list-icon\">\n\t\t\t\t\t\t\t<svg aria-hidden=\"true\" class=\"e-font-icon-svg e-fas-circle\" viewBox=\"0 0 512 512\" xmlns=\"http:\/\/www.w3.org\/2000\/svg\"><path d=\"M256 8C119 8 8 119 8 256s111 248 248 248 248-111 248-248S393 8 256 8z\"><\/path><\/svg>\t\t\t\t\t\t<\/span>\n\t\t\t\t\t\t\t\t\t\t<span class=\"elementor-icon-list-text\">2 cda de aceite de oliva.<\/span>\n\t\t\t\t\t\t\t\t\t<\/li>\n\t\t\t\t\t\t<\/ul>\n\t\t\t\t\t\t<\/div>\n\t\t\t\t\t    \t            <button class=\"e-0983cab-1d46df5 e-button-base\" data-interaction-id=\"0983cab\"  >\n            PEDIR\n        <\/button>\n    \t\t\t\t<\/div>\n\t\t\t\t\t<\/div>\n\t\t\t\t<\/div>\n\t\t<div class=\"elementor-element elementor-element-042d604 e-flex e-con-boxed e-con e-parent\" data-id=\"042d604\" data-element_type=\"container\" data-e-type=\"container\">\n\t\t\t\t\t<div class=\"e-con-inner\">\n\t\t\t\t\t\t\t<h2 \n\t\tdata-interaction-id=\"0dce470\" \n\t\tclass=\"e-0dce470-f5ec78d e-heading-base\" \n\t\t \n\t\t\n\t>\n\t\n\t\t\tPUPUSAS  DESTACADAS\n\t\t<\/h2>\n\t\t\t\t\t    \t            <button class=\"e-f18e637-ca2777d e-button-base\" data-interaction-id=\"f18e637\"  >\n            GRANDES\n        <\/button>\n    \t\t\t\t\t\t\t\n\t\t<img class=\"e-image-base e-d74ca38-1428ca0\" \n\t\t\t\t\tdata-interaction-id=\"d74ca38\" \n\t\t \n\t\t \n\t\t\t\t\t\t\t\t\tid=\"270\"\n\t\t\t\t\t\t\t\t\t\t\t\tsrc=\"https:\/\/publimarketing2.com\/menuordenar\/wp-content\/uploads\/2026\/04\/PUPUSA-GRANDE2-1.png\"\n\t\t\t\t\t\t\t\t\t\t\t\twidth=\"1080\"\n\t\t\t\t\t\t\t\t\t\t\t\theight=\"1080\"\n\t\t\t\t\t\t\t\t\t\t\t\tsrcset=\"https:\/\/publimarketing2.com\/menuordenar\/wp-content\/uploads\/2026\/04\/PUPUSA-GRANDE2-1.png 1080w, https:\/\/publimarketing2.com\/menuordenar\/wp-content\/uploads\/2026\/04\/PUPUSA-GRANDE2-1-300x300.png 300w, https:\/\/publimarketing2.com\/menuordenar\/wp-content\/uploads\/2026\/04\/PUPUSA-GRANDE2-1-1024x1024.png 1024w, https:\/\/publimarketing2.com\/menuordenar\/wp-content\/uploads\/2026\/04\/PUPUSA-GRANDE2-1-150x150.png 150w, https:\/\/publimarketing2.com\/menuordenar\/wp-content\/uploads\/2026\/04\/PUPUSA-GRANDE2-1-768x768.png 768w\"\n\t\t\t\t\t\t\t\t\t\t\t\talt=\"\"\n\t\t\t\t\t\t\/>\n\t\t\t<div class=\"elementor-element elementor-element-016c223 e-con-full e-flex e-con e-child\" data-id=\"016c223\" data-element_type=\"container\" data-e-type=\"container\">\n\t\t\t\t\t\t\t<h2 \n\t\tdata-interaction-id=\"79dfc9e\" \n\t\tclass=\"e-79dfc9e-a1d1328 e-heading-base\" \n\t\t \n\t\t\n\t>\n\t\n\t\t\tFRIJOL CON QUESO-----------------$1.00\n\t\t<\/h2>\n\t\t\t\t<div class=\"elementor-element elementor-element-6c61f7a elementor-view-default elementor-widget elementor-widget-icon\" data-id=\"6c61f7a\" data-element_type=\"widget\" data-e-type=\"widget\" data-widget_type=\"icon.default\">\n\t\t\t\t\t\t\t<div class=\"elementor-icon-wrapper\">\n\t\t\t<div class=\"elementor-icon\">\n\t\t\t<svg aria-hidden=\"true\" class=\"e-font-icon-svg e-fas-star\" viewBox=\"0 0 576 512\" xmlns=\"http:\/\/www.w3.org\/2000\/svg\"><path d=\"M259.3 17.8L194 150.2 47.9 171.5c-26.2 3.8-36.7 36.1-17.7 54.6l105.7 103-25 145.5c-4.5 26.3 23.2 46 46.4 33.7L288 439.6l130.7 68.7c23.2 12.2 50.9-7.4 46.4-33.7l-25-145.5 105.7-103c19-18.5 8.5-50.8-17.7-54.6L382 150.2 316.7 17.8c-11.7-23.6-45.6-23.9-57.4 0z\"><\/path><\/svg>\t\t\t<\/div>\n\t\t<\/div>\n\t\t\t\t\t\t<\/div>\n\t\t\t\t<\/div>\n\t\t\t\t\t<\/div>\n\t\t\t\t<\/div>\n\t\t\t\t<\/div>\n\t\t","protected":false},"excerpt":{"rendered":"<p>PUPUSERIA MIMI Aqu\u00ed encontrar\u00e1s las mejores pupusas de apopa \u00a1Pide las tuyas y pru\u00e9balas! \u00ab\u00a1Pedir es f\u00e1cil! Toca el bot\u00f3n de cada producto para a\u00f1adirlo a tu cuenta.\u00bb VER MI PEDIDO Pupusa de queso $0.70 PEDIR Pupusa de mora $0.70 PEDIR ELIGE Y DISFRUTA De los mejores sabores de pupusas Revuelta $0.35 PEDIR Frijol con [&hellip;]<\/p>\n","protected":false},"author":1,"featured_media":0,"parent":0,"menu_order":0,"comment_status":"closed","ping_status":"closed","template":"elementor_canvas","meta":{"footnotes":""},"class_list":["post-11","page","type-page","status-publish","hentry"],"_links":{"self":[{"href":"https:\/\/publimarketing2.com\/menuordenar\/wp-json\/wp\/v2\/pages\/11","targetHints":{"allow":["GET"]}}],"collection":[{"href":"https:\/\/publimarketing2.com\/menuordenar\/wp-json\/wp\/v2\/pages"}],"about":[{"href":"https:\/\/publimarketing2.com\/menuordenar\/wp-json\/wp\/v2\/types\/page"}],"author":[{"embeddable":true,"href":"https:\/\/publimarketing2.com\/menuordenar\/wp-json\/wp\/v2\/users\/1"}],"replies":[{"embeddable":true,"href":"https:\/\/publimarketing2.com\/menuordenar\/wp-json\/wp\/v2\/comments?post=11"}],"version-history":[{"count":199,"href":"https:\/\/publimarketing2.com\/menuordenar\/wp-json\/wp\/v2\/pages\/11\/revisions"}],"predecessor-version":[{"id":277,"href":"https:\/\/publimarketing2.com\/menuordenar\/wp-json\/wp\/v2\/pages\/11\/revisions\/277"}],"wp:attachment":[{"href":"https:\/\/publimarketing2.com\/menuordenar\/wp-json\/wp\/v2\/media?parent=11"}],"curies":[{"name":"wp","href":"https:\/\/api.w.org\/{rel}","templated":true}]}}